
{"id":27,"date":"2026-02-09T19:52:33","date_gmt":"2026-02-09T19:52:33","guid":{"rendered":"http:\/\/localhost\/yasaminvestments\/?page_id=27"},"modified":"2026-03-04T11:10:10","modified_gmt":"2026-03-04T11:10:10","slug":"social-impact","status":"publish","type":"page","link":"https:\/\/www.yasam.work\/fr\/social-impact\/","title":{"rendered":"Impact social"},"content":{"rendered":"<div class=\"wp-block-columns is-layout-flex wp-container-core-columns-is-layout-9d6595d7 wp-block-columns-is-layout-flex\">\n<div class=\"wp-block-column is-vertically-aligned-center is-layout-flow wp-block-column-is-layout-flow\">\n<h3 class=\"wp-block-heading\">Soutien aux petites entreprises et aux fournisseurs locaux<\/h3>\n\n\n\n<p>Nous croyons au renforcement des \u00e9conomies locales en approvisionnant de mani\u00e8re responsable et en donnant du pouvoir aux petites entreprises.<\/p>\n\n\n\n<ul class=\"wp-block-list\">\n<li>Plus de 70 % de nos produits frais proviennent de petits exploitants agricoles et fournisseurs locaux.<\/li>\n\n\n\n<li>Nous offrons du mentorat et des formations pour renforcer les capacit\u00e9s des fournisseurs et am\u00e9liorer les standards de qualit\u00e9.<\/li>\n\n\n\n<li>Nous encourageons les pratiques de commerce \u00e9quitable et les partenariats \u00e0 long terme qui cr\u00e9ent de la stabilit\u00e9 pour les petites entreprises.<\/li>\n<\/ul>\n<\/div>\n\n\n\n<div class=\"wp-block-column is-layout-flow wp-block-column-is-layout-flow\">\n<p><\/p>\n\n\n\n<div class=\"wp-block-cover is-light\"><img loading=\"lazy\" decoding=\"async\" width=\"1024\" height=\"682\" class=\"wp-block-cover__image-background wp-image-440 size-large\" alt=\"\" src=\"https:\/\/www.yasam.work\/wp-content\/uploads\/2026\/03\/WhatsApp-Image-2026-03-01-at-16.27.21-1024x682.jpeg\" data-object-fit=\"cover\" srcset=\"https:\/\/www.yasam.work\/wp-content\/uploads\/2026\/03\/WhatsApp-Image-2026-03-01-at-16.27.21-1024x682.jpeg 1024w, https:\/\/www.yasam.work\/wp-content\/uploads\/2026\/03\/WhatsApp-Image-2026-03-01-at-16.27.21-300x200.jpeg 300w, https:\/\/www.yasam.work\/wp-content\/uploads\/2026\/03\/WhatsApp-Image-2026-03-01-at-16.27.21-768x512.jpeg 768w, https:\/\/www.yasam.work\/wp-content\/uploads\/2026\/03\/WhatsApp-Image-2026-03-01-at-16.27.21-18x12.jpeg 18w, https:\/\/www.yasam.work\/wp-content\/uploads\/2026\/03\/WhatsApp-Image-2026-03-01-at-16.27.21.jpeg 1280w\" sizes=\"auto, (max-width: 1024px) 100vw, 1024px\" \/><span aria-hidden=\"true\" class=\"wp-block-cover__background has-background-dim\" style=\"background-color:#88949e\"><\/span><div class=\"wp-block-cover__inner-container is-layout-constrained wp-block-cover-is-layout-constrained\">\n<p class=\"has-text-align-center has-white-color has-text-color has-link-color has-large-font-size wp-elements-ec23d2d317baf3a2fa95c495e557d3df\"><strong>Cultiv\u00e9 localement, servi frais<\/strong><\/p>\n<\/div><\/div>\n<\/div>\n<\/div>\n\n\n\n<div style=\"height:30px\" aria-hidden=\"true\" class=\"wp-block-spacer\"><\/div>\n\n\n\n<div class=\"wp-block-columns is-layout-flex wp-container-core-columns-is-layout-9d6595d7 wp-block-columns-is-layout-flex\">\n<div class=\"wp-block-column is-layout-flow wp-block-column-is-layout-flow\" style=\"flex-basis:33.33%\">\n<h3 class=\"wp-block-heading\">Autonomisation locale<\/h3>\n<\/div>\n\n\n\n<div class=\"wp-block-column is-layout-flow wp-block-column-is-layout-flow\" style=\"flex-basis:66.66%\">\n<h3 class=\"wp-block-heading has-text-align-left\">Nous privil\u00e9gions l\u2019emploi local et la participation inclusive dans les communaut\u00e9s o\u00f9 nous op\u00e9rons.<\/h3>\n\n\n\n<div style=\"height:20px\" aria-hidden=\"true\" class=\"wp-block-spacer\"><\/div>\n\n\n\n<ul class=\"wp-block-list\">\n<li>Recrutement local \u2013 Priorit\u00e9 \u00e0 l\u2019emploi au sein des communaut\u00e9s environnantes.<\/li>\n\n\n\n<li>Autonomisation des femmes \u2013 Un pourcentage d\u00e9fini de postes r\u00e9serv\u00e9 aux femmes.<\/li>\n\n\n\n<li>Approvisionnement local \u2013 Partenariat avec des agriculteurs et fournisseurs locaux lorsque cela est possible.<\/li>\n\n\n\n<li>D\u00e9veloppement des comp\u00e9tences \u2013 Formation et accompagnement des talents locaux sur site.<\/li>\n\n\n\n<li>Soutien communautaire \u2013 Appui aux initiatives et institutions locales.<br><br><\/li>\n<\/ul>\n<\/div>\n<\/div>","protected":false},"excerpt":{"rendered":"<p>Small Business &amp; Local Supplier Support We believe in strengthening local economies by sourcing responsibly and empowering small businesses. Local Empowerment We prioritise local employment and inclusive participation in the communities where we operate.<\/p>","protected":false},"author":1,"featured_media":230,"parent":0,"menu_order":0,"comment_status":"closed","ping_status":"closed","template":"","meta":{"_acf_changed":false,"footnotes":""},"class_list":["post-27","page","type-page","status-publish","has-post-thumbnail","hentry"],"acf":[],"_links":{"self":[{"href":"https:\/\/www.yasam.work\/fr\/wp-json\/wp\/v2\/pages\/27","targetHints":{"allow":["GET"]}}],"collection":[{"href":"https:\/\/www.yasam.work\/fr\/wp-json\/wp\/v2\/pages"}],"about":[{"href":"https:\/\/www.yasam.work\/fr\/wp-json\/wp\/v2\/types\/page"}],"author":[{"embeddable":true,"href":"https:\/\/www.yasam.work\/fr\/wp-json\/wp\/v2\/users\/1"}],"replies":[{"embeddable":true,"href":"https:\/\/www.yasam.work\/fr\/wp-json\/wp\/v2\/comments?post=27"}],"version-history":[{"count":42,"href":"https:\/\/www.yasam.work\/fr\/wp-json\/wp\/v2\/pages\/27\/revisions"}],"predecessor-version":[{"id":485,"href":"https:\/\/www.yasam.work\/fr\/wp-json\/wp\/v2\/pages\/27\/revisions\/485"}],"wp:featuredmedia":[{"embeddable":true,"href":"https:\/\/www.yasam.work\/fr\/wp-json\/wp\/v2\/media\/230"}],"wp:attachment":[{"href":"https:\/\/www.yasam.work\/fr\/wp-json\/wp\/v2\/media?parent=27"}],"curies":[{"name":"wp","href":"https:\/\/api.w.org\/{rel}","templated":true}]}}